{"id":3164,"date":"2023-03-23T12:10:47","date_gmt":"2023-03-23T11:10:47","guid":{"rendered":"https:\/\/mois.atudomicilio.es\/?page_id=3164"},"modified":"2023-11-24T18:33:43","modified_gmt":"2023-11-24T17:33:43","slug":"politica-de-venta-y-cancelacion-devolucion","status":"publish","type":"page","link":"https:\/\/mois.atudomicilio.es\/index.php\/politica-de-venta-y-cancelacion-devolucion\/","title":{"rendered":"Pol\u00edtica de venta y cancelaci\u00f3n\/devoluci\u00f3n"},"content":{"rendered":"\n<p class=\"has-text-align-left\">Le invitamos a revisar las condiciones generales de compra que regulan la oferta y la compra de productos de Come Mois SL a trav\u00e9s de la tienda online incluida en este sitio web.<\/p>\n\n\n\n<p>Al usar este sitio web usted queda vinculado a estas condiciones por lo que le recomendamos que las lea detenidamente. Si usted no est\u00e1 de acuerdo con ellas deber\u00e1 abandonar el sitio web.<\/p>\n\n\n\n<h3 class=\"has-text-align-center wp-block-heading\">1. POL\u00cdTICA DE VENTA<\/h3>\n\n\n\n<p>Las presentes condiciones de compra son de aplicaci\u00f3n para todas las ventas de productos de la sociedad  Come Mois SL , que hayan sido realizadas a trav\u00e9s del sitio web <a href=\"https:\/\/mois.atudomicilio.es\/\" target=\"_blank\" rel=\"noreferrer noopener\">https:\/\/mois.atudomicilio.es\/<\/a>  (en adelante \u201csitio web\u201d).<\/p>\n\n\n\n<p>Al realizar un pedido, usted nos garantiza que es mayor de 18 a\u00f1os y que tiene capacidad legal para cursar contratos vinculantes.<\/p>\n\n\n\n<p>Los pedidos solamente podr\u00e1n realizarse para adquirir mercanc\u00edas sin \u00e1nimo de reventa. Est\u00e1 terminantemente prohibida cualquier reventa o distribuci\u00f3n de los productos adquiridos a trav\u00e9s del sitio web.<\/p>\n\n\n\n<p>Nos reservamos el derecho de poder anular pedidos fraudulentos, falsos o especulativos, as\u00ed como aquellos pedidos que hayan sido solicitados por alg\u00fan cliente con el que pueda existir alguna diferencia\/controversia en pedidos anteriores, o cu\u00e1ndo existan dudas razonables que nos puedan hacer pensar que el cliente est\u00e1 violando alguna de las condiciones de compra especificadas o est\u00e9 participando en alguna actividad delictiva.<\/p>\n\n\n\n<p>Podremos actualizar las presentes condiciones de compra, as\u00ed como el aviso legal en cualquier momento. Usted siempre podr\u00e1 consultar e imprimir la versi\u00f3n actualizada de ambos textos pulsando los v\u00ednculos \u201cCondiciones de Compra\u201d y \u201cAvisos Legales\u201d.<\/p>\n\n\n\n<p><strong>\u00b7 OBLIGACIONES DEL USUARIO<\/strong><\/p>\n\n\n\n<p>Como usuario est\u00e1 obligado a comunicar a Come Mois SL todos los datos necesarios para el acceso y utilizaci\u00f3n de los servicios de este sitio web. Estos deber\u00e1n ser veraces y actuales y consiente que podremos hacer uso de ellos para ponemos en contacto con usted si es necesario.<\/p>\n\n\n\n<p>Es indispensable que facilite toda la informaci\u00f3n que catalogamos como obligatoria, ya que, de no hacerlo no podremos cursar su pedido. No seremos responsables en ning\u00fan caso de posibles retrasos o fallos en la entrega como consecuencia del error u omisi\u00f3n de estos datos.<\/p>\n\n\n\n<p>El usuario deber\u00e1 hacer un uso adecuado de los servicios incluidos en el sitio web, siempre de conformidad con el ordenamiento jur\u00eddico y no llevar\u00e1 a cabo actividad alguna que dificulte o interfiera en su funcionamiento.<\/p>\n\n\n\n<p><strong>\u00b7 MEDIDAS DE SEGURIDAD<\/strong><\/p>\n\n\n\n<p>Estableceremos todos los mecanismos razonables a nuestro alcance para garantizar que sus datos personales se conservan con seguridad en todo momento. Sin embargo, usted acepta que ninguna transmisi\u00f3n de datos a trav\u00e9s de Internet puede garantizarse como segura frente a accesos por receptores no autorizados y no nos podr\u00e1 hacer responsables por cualquier fallo de seguridad salvo que se deba a nuestra negligencia.<\/p>\n\n\n\n<p>Asimismo, usted deber\u00e1 adoptar las medidas de seguridad necesarias, tanto personales como materiales, para mantener la confidencialidad de su nombre de usuario y contrase\u00f1a y notificarnos inmediatamente la p\u00e9rdida, extrav\u00edo, sustracci\u00f3n, robo o acceso ileg\u00edtimo de su nombre de usuario y contrase\u00f1a, as\u00ed como su conocimiento por terceras personas.<\/p>\n\n\n\n<h3 class=\"has-text-align-center wp-block-heading\">2. CONDICIONES APLICABLES A LOS PEDIDOS<\/h3>\n\n\n\n<p>Todos los productos que se ofertan en este sitio web son vendidos directamente por Come Mois SL. con CIF B05418686 y domicilio en CALLE EMILIO THUILLER 17, 29014&nbsp;MALAGA.<\/p>\n\n\n\n<p><strong>2.1. PROCEDIMIENTO DE COMPRA<\/strong><\/p>\n\n\n\n<p>Podr\u00e1 navegar en el sitio web hasta encontrar el art\u00edculo deseado. Una vez localizado, pulsando sobre el mismo acceder\u00e1 a toda la informaci\u00f3n de detalle que le ofrece el sitio web. Desde ah\u00ed podr\u00e1 a\u00f1adir el art\u00edculo a su compra.<\/p>\n\n\n\n<p>Si est\u00e1 realizando un pedido por primera vez con nosotros, se le pedir\u00e1 que se registre introduciendo su direcci\u00f3n de email y una contrase\u00f1a con la que podr\u00e1 crear y acceder a su cuenta.<\/p>\n\n\n\n<p>En el caso de que se trate de un usuario registrado y con una cuenta activa, deber\u00e1 introducir su email y contrase\u00f1a y el sistema reconocer\u00e1 sus datos.<\/p>\n\n\n\n<p>Una vez est\u00e9 en su cuenta podr\u00e1 continuar su compra y finalmente confirmar el pedido.<\/p>\n\n\n\n<p><strong>2.2. COBERTURA DE LA OFERTA<\/strong><\/p>\n\n\n\n<p>En la entrega de productos a domicilio, al aceptar el pedido, usted confirma ser un cliente residente en alguna de las zonas disponibles. Cualquier otra direcci\u00f3n de entrega supondr\u00e1 la anulaci\u00f3n autom\u00e1tica del pedido.<\/p>\n\n\n\n<p><strong>2.3. DISPONIBILIDAD<\/strong><\/p>\n\n\n\n<p>Todos los pedidos est\u00e1n sujetos a disponibilidad. No nos hacemos responsables de la falta de existencia o de la indisponibilidad de los productos.<\/p>\n\n\n\n<p>Consulte la selecci\u00f3n de productos disponibles para la venta a trav\u00e9s del sitio web, ya que no todos los productos que podamos ofrecer en nuestras tiendas o que puedan aparecer en los cat\u00e1logos, sitios web u otro tipo de presentaciones est\u00e1n disponibles para este tipo de venta.<\/p>\n\n\n\n<p>Si un producto no estuviera disponible una vez realizado el pedido, se le informar\u00eda lo antes posible por correo electr\u00f3nico o por tel\u00e9fono y este quedar\u00eda anulado.<\/p>\n\n\n\n<p>Ante cualquier duda, se recomienda ponerse en contacto con el servicio de atenci\u00f3n al cliente.<\/p>\n\n\n\n<p><strong>2.4. CONTRATO CON Come Mois SL. Y ACEPTACI\u00d3N DE PEDIDOS<\/strong><\/p>\n\n\n\n<p>El pedido no ser\u00e1 aceptado por nosotros hasta que el importe haya sido cargado a su cuenta. Tras confirmar la compra, recibir\u00e1 un e-mail como acuse de recibo, pero ello no implicar\u00e1 que el pedido haya sido aceptado, ya que estar\u00e1n sujetos a nuestra posterior comprobaci\u00f3n y aceptaci\u00f3n.<\/p>\n\n\n\n<p>Le confirmaremos la aceptaci\u00f3n del pedido en un e-mail en el que le informaremos de que el pedido est\u00e1 siendo enviado. S\u00f3lo en ese momento quedar\u00e1 formalizado el contrato entre usted y nosotros, y solamente para los productos relacionados en dicha confirmaci\u00f3n de env\u00edo.<\/p>\n\n\n\n<p><strong>2.5. CONFIRMACI\u00d3N Y ANULACI\u00d3N DE PEDIDOS<\/strong><\/p>\n\n\n\n<p>Con anterioridad a la finalizaci\u00f3n del pedido por su parte en el sitio web, usted podr\u00e1 revisar todos los detalles asociados al mismo (importes desglosados en todos los ep\u00edgrafes necesarios \u2013 impuestos, costes de transporte, selecci\u00f3n de productos, etc.), pudiendo corregir lo que considere necesario.<\/p>\n\n\n\n<p>Con posterioridad a la confirmaci\u00f3n no ser\u00e1 posible modificar ni anular el pedido a trav\u00e9s del sitio web, deber\u00e1 ponerse en contacto. En tal caso, el pedido s\u00f3lo podr\u00e1 ser modificado o anulado si el art\u00edculo no ha entrado en fase de expedici\u00f3n desde nuestros restaurantes.<\/p>\n\n\n\n<p><strong>2.6. MONEDA, IMPUESTOS Y PRECIO<\/strong><\/p>\n\n\n\n<p>De acuerdo con la legislaci\u00f3n vigente, toda la compra desde nuestro sitio web estar\u00e1 sujeta al impuesto sobre el valor a\u00f1adido. El tipo aplicable ser\u00e1 el legalmente vigente en cada momento.<\/p>\n\n\n\n<p>Los pedidos deber\u00e1n ser pagados directamente por el cliente a la propia empresa.<\/p>\n\n\n\n<p>Todos los precios se muestran en euros (\u20ac) y deben ser considerados como el precio final a pagar por el cliente (incluyendo el IVA).<\/p>\n\n\n\n<p><strong>2.7. FORMA DE PAGO Y SEGURIDAD<\/strong><\/p>\n\n\n\n<p>Los pedidos podr\u00e1n ser abonados de forma inmediata tras la confirmaci\u00f3n del pedido o en el domicilio del cliente mediante dat\u00e1fono. Para los pedidos abonados de forma inmediata \u00fanicamente se cursar\u00e1n pedidos para los que se haya completado y verificado el pago del mismo.<\/p>\n\n\n\n<p>El pago debe realizarse mediante tarjeta de cr\u00e9dito o d\u00e9bito (emitida por una entidad con sede social en Espa\u00f1a).<\/p>\n\n\n\n<p>El importe del pedido se cargar\u00e1 en su tarjeta, de forma que deber\u00e1 indicarnos el n\u00famero, la fecha de caducidad, as\u00ed como el c\u00f3digo de seguridad CW2 (en el reverso de su tarjeta). En el caso de que su tarjeta est\u00e9 securizada, se le pedir\u00e1n los c\u00f3digos de seguridad pertinentes.<\/p>\n\n\n\n<p>Estos datos no ser\u00e1n guardados o manipulados por nosotros, sino que ser\u00e1n registrados directamente en la pasarela de pagos de la entidad financiera correspondiente. Para mayor seguridad, utilizaremos un Servicio de Autenticaci\u00f3n de Comercio Electr\u00f3nico Seguro, sistema establecido por Visa \/ MasterCard \/ Eurocard, por el que cliente se autentifica ante sus bancos emisor y el comercio se autentifica ante su banco adquiriente.<\/p>\n\n\n\n<p>El cargo se llevar\u00e1 a cabo en tiempo real a trav\u00e9s de esta pasarela de pago. En caso de que el cargo no pueda llevarse a cabo finalmente (por cualquier causa), el pedido quedar\u00e1 anulado autom\u00e1ticamente.<\/p>\n\n\n\n<p><strong>2.9. POL\u00cdTICA DE CANCELACI\u00d3N<\/strong><\/p>\n\n\n\n<p><strong>\u00b7 CANCELACI\u00d3N<\/strong><\/p>\n\n\n\n<p>Tiene derecho a cancelar un pedido dentro de un plazo razonable (antes de que se haya iniciado su preparaci\u00f3n). Los clientes pueden cancelar un pedido contactando con Come Mois SL en el tel\u00e9fono <a href=\"tel:600380156\">600-380-156<\/a>. Por otra parte,  Come Mois SL  podr\u00e1 cancelar cualquier pedido y le informar\u00e1 una vez cancelado el mismo. No se le cobrar\u00e1 ning\u00fan pedido cancelado de conformidad con la presente cl\u00e1usula. Cualquier pago efectuado antes de que  Come Mois SL  cancele un pedido ser\u00e1 reembolsado mediante el mismo m\u00e9todo empleado para pagar el pedido.<\/p>\n\n\n\n<p>Los pedidos solamente podr\u00e1n realizarse para adquirir mercanc\u00edas sin \u00e1nimo de reventa. Est\u00e1 terminantemente prohibida cualquier reventa o distribuci\u00f3n de los productos adquiridos a trav\u00e9s del sitio web.<\/p>\n\n\n\n<p>Nos reservamos el derecho de poder anular pedidos fraudulentos, falsos o especulativos, as\u00ed como aquellos pedidos que hayan sido solicitados por alg\u00fan cliente con el que pueda existir alguna diferencia\/controversia en pedidos anteriores, o cuando existan dudas razonables que nos puedan hacer pensar que el cliente est\u00e1 violando alguna de las condiciones de compra especificadas o est\u00e9 participando en alguna actividad delictiva.<\/p>\n\n\n\n<p><strong>\u00b7 CASO DE FUERZA MAYOR<\/strong><\/p>\n\n\n\n<p>Ninguna parte ser\u00e1 responsable ante la otra por ning\u00fan retraso o no realizaci\u00f3n de sus obligaciones en virtud del presente Acuerdo cuando ello tenga origen en causas ajenas a ambas partes, incluido sin car\u00e1cter limitativo cualquiera de los siguientes elementos: accidentes, cat\u00e1strofes naturales, acci\u00f3n gubernamental, guerra, incendio, inundaci\u00f3n, explosi\u00f3n o disturbios sociales.<\/p>\n\n\n\n<h3 class=\"has-text-align-center wp-block-heading\">3. NULIDAD PARCIAL<\/h3>\n\n\n\n<p>Si cualquier parte de estas condiciones de servicios fuera contraria a Derecho y, por tanto, inv\u00e1lida, ello no afectar\u00e1 a las otras disposiciones conformes a Derecho. Las partes se comprometen a renegociar aquellos puntos de las condiciones de servicio que resultaran nulos y a incorporarlos al resto de las condiciones de servicio.<\/p>\n\n\n\n<h3 class=\"has-text-align-center wp-block-heading\">4. MODIFICACION DE LAS CONDICIONES GENERALES DE VENTA<\/h3>\n\n\n\n<p>Come Mois SL . se reserva el derecho a modificar las condiciones generales de venta sin previo aviso, pudiendo cambiar, suprimir o a\u00f1adir tanto los contenidos y servicios que presten a trav\u00e9s del mismo como la forma en la que estos parezcan presentados o localizados en sus servidores.<\/p>\n\n\n\n<p>Estos cambios deber\u00e1n de ser aceptados por el usuario cada vez que haga efectiva una compra a trav\u00e9s de la web.<\/p>\n\n\n\n<p>Los clientes que no est\u00e9n conformes con las modificaciones de las condiciones generales, deber\u00e1n notificarlo y, a partir de la fecha en la cual la nueva versi\u00f3n entrara en vigor, deber\u00e1n de dejar de utilizar los servicios de la web.<\/p>\n\n\n\n<p>En el supuesto de que algunos de los t\u00e9rminos de las condiciones generales de venta sean declarados ilegales o no oponibles por una decisi\u00f3n judicial, las dem\u00e1s disposiciones mantendr\u00e1n su vigencia.<\/p>\n\n\n\n<h3 class=\"has-text-align-center wp-block-heading\">5. LEY APLICABLE Y JURISDICCI\u00d3N<\/h3>\n\n\n\n<p>Este sitio se encuentra ubicado y es operado en Espa\u00f1a. Todas las cuestiones relativas a este sitio se rigen por las leyes espa\u00f1olas y se someten a la jurisdicci\u00f3n de los Juzgados y Tribunales competentes de Espa\u00f1a, sin que sean de aplicaci\u00f3n los principios sobre conflictos de leyes.<\/p>\n\n\n\n<p>En aquellos casos en que el cliente no tenga la condici\u00f3n de consumidor o usuario, o que tenga domicilio fuera de Espa\u00f1a, se someter\u00e1 a los Juzgados y Tribunales nacionales, con renuncia expresa a cualquier otro fuero que pudiera corresponderles.<\/p>\n\n\n\n<p>Si el usuario decide utilizar o consultar este sitio fuera de Espa\u00f1a, deber\u00e1 tener presente que lo hace por propia iniciativa, y que es responsable del cumplimiento de las leyes pertinentes.<\/p>\n\n\n\n<p>El presente contrato entrar\u00e1 en vigor y surtir\u00e1 plenos efectos desde el momento en que se produzca la aceptaci\u00f3n del cliente o usuario.<\/p>\n\n\n\n<p>El presente contrato, y, por tanto, las condiciones generales que incorpora, juntamente con los anexos (de existir), adem\u00e1s de ser le\u00eddos en esta web, pueden almacenarse, archivarse y reproducirse por los medios electr\u00f3nicos o inform\u00e1ticos habituales.<\/p>\n\n\n\n<h3 class=\"has-text-align-center wp-block-heading\">6. BEBIDAS ALCOH\u00d3LICAS<\/h3>\n\n\n\n<p>Al realizar un pedido a trav\u00e9s de esta p\u00e1gina web o app, usted declara ser mayor de 18 a\u00f1os y tener capacidad legal para celebrar contratos.<\/p>\n\n\n\n<p>De conformidad con lo dispuesto en la normativa aplicable en materia de drogodependencia y prevenci\u00f3n del consumo de bebidas alcoh\u00f3licas en menores de edad, est\u00e1 prohibida la venta, suministro y dispensaci\u00f3n de bebidas alcoh\u00f3licas a menores de 18 a\u00f1os.<\/p>\n\n\n\n<p>Al formalizar un pedido a trav\u00e9s de nuestra web o App que incluya cerveza, el Usuario declara ser mayor de 18 a\u00f1os y cumplir con todas las prescripciones legales aplicables a la venta a distancia con reparto a domicilio de alcohol, incluido el lugar de reparto. El Usuario garantiza la exactitud de esta declaraci\u00f3n y asume el deber de indemnizar al restaurante responsable de la venta por las consecuencias derivadas de la falta de veracidad de esta declaraci\u00f3n.<\/p>\n\n\n\n<p>El Usuario acepta y reconoce que no se podr\u00e1 realizar la entrega (I) cuando el Usuario no acredite poseer la mayor\u00eda de edad, exhibiendo un documento oficial a tal efecto; (II) cuando en el lugar de entrega indicado est\u00e9 prohibido legalmente la venta o suministro de alcohol; o (III) en horario nocturno (fuera de las franjas horarias autorizadas).<\/p>\n\n\n\n<p>La venta estar\u00e1 condicionada, en todo caso, al estricto cumplimiento por el Usuario de los requisitos impuestos en la normativa aplicable.<\/p>\n\n\n\n<h3 class=\"has-text-align-center wp-block-heading\"> 7. POLITICAS DE ENTREGA \/ REALIZACI\u00d3N DE PEDIDOS<\/h3>\n\n\n\n<p>La prestaci\u00f3n del servicio se hace efectiva desde el establecimiento Come Mois SL, para poder acceder a la prestaci\u00f3n de los servicios ofertados a trav\u00e9s de la web el Usuario puede realizar su pedido \u201csin registrar\u201d. <\/p>\n\n\n\n<p>Para proceder a la adquisici\u00f3n de los distintos productos ofertados, el Usuario deber\u00e1 seguir todas las indicaciones e instrucciones recogidas en cada pantalla, y en su caso facilitar los datos que sean requeridos para la gesti\u00f3n del pedido, determinando en cada formulario los datos que resultan obligatorios para el proceso de compra. Una vez que el Usuario haya seleccionado en la p\u00e1gina web todos los productos de compra deseados, deber\u00e1 seleccionar la opci\u00f3n \u201cEnviar pedido\u201d, y aparecer\u00e1 en la pantalla correspondiente los productos incluidos en su compra con el precio final (IVA y gastos de env\u00edo incluidos), junto a las ofertas aplicables a su pedido.<\/p>\n\n\n\n<p>Todos los pedidos est\u00e1n sujetos a la disponibilidad de los productos en el establecimiento, si hubiera dificultades en cuanto al suministro o no quedaran art\u00edculos en stock, el establecimiento se pondr\u00e1 en contacto con el usuario para informarle, ofrecerle un producto alternativo y \/o en su caso reembolsarle el importe que pudiera haber abonado.<\/p>\n\n\n\n<p>Confirmaci\u00f3n del pedido: Finalizado el proceso de compra aparece la opci\u00f3n de confirmaci\u00f3n del pedido, en la que aparecer\u00e1n relacionados los productos adquiridos, siendo responsable el propio usuario de revisar y confirmar los productos, los precios y las ofertas seleccionadas en su caso. Una vez confirmado el pedido y recibida la orden del pedido, Come Mois SL enviar\u00e1 a su cliente un albar\u00e1n por correo electr\u00f3nico confirmando la compra.<\/p>\n\n\n\n<p>El tiempo estimado para proceder a la entrega de los pedidos se ver\u00e1 reflejada en la propia web, aunque puede estar sujeto a posibles variaciones por circunstancias ajenas a Come Mois SL.<\/p>\n\n\n\n<p><\/p>\n\n\n\n<p><strong>\u00c1rea de Entrega:<\/strong> Nuestro servicio de entrega est\u00e1 disponible dentro de la zona delineada en el mapa que puede visualizar haciendo click  <a href=\"https:\/\/mois.atudomicilio.es\/wp-content\/uploads\/2023\/11\/zona.png\" data-type=\"URL\" data-id=\"https:\/\/mois.atudomicilio.es\/wp-content\/uploads\/2023\/11\/zona.png\" target=\"_blank\" rel=\"noreferrer noopener\"><strong><em>AQUI<\/em><\/strong><\/a>. Por favor, revisa el mapa para confirmar que tu direcci\u00f3n est\u00e1 dentro de nuestra \u00e1rea de servicio.<\/p>\n\n\n\n<p><strong>Horarios de Entrega:<\/strong> Puedes hacer tu pedido online de martes a domingo, entre las 20:00 y las 23:30 horas.<\/p>\n\n\n\n<p><strong>Tiempo de Entrega Estimado:<\/strong> Nos esforzamos por entregar tu pedido en aproximadamente 1 hora. Sin embargo, este tiempo puede variar seg\u00fan el volumen de pedidos. Agradecemos tu comprensi\u00f3n si se producen demoras durante los per\u00edodos de mayor actividad.<\/p>\n\n\n\n<p><strong>Costos de Entrega:<\/strong> Se aplicar\u00e1 un cargo de entrega fijo de 1,70\u20ac a cada pedido.<\/p>\n\n\n\n<p><strong>Pedido M\u00ednimo:<\/strong> El valor m\u00ednimo para pedidos a domicilio es de 10\u20ac.<\/p>\n\n\n\n<p><strong>Proceso de Pedido y Pago:<\/strong> Puedes realizar tu pedido y pagar con efectivo o mediante nuestra pasarela de pago en l\u00ednea.<\/p>\n\n\n\n<p><strong>Pol\u00edtica de Cancelaci\u00f3n:<\/strong> Si necesitas cancelar tu pedido, puedes hacerlo en cualquier momento antes de que el pedido haya salido de nuestro establecimiento. Una vez que el pedido est\u00e1 en camino, no podemos aceptar cancelaciones.<\/p>\n\n\n\n<p><strong>Pedidos Incorrectos y Reclamaciones:<\/strong> Si tu pedido no es correcto, por favor, llama inmediatamente al 600 38 01 56. Prepararemos y entregaremos el pedido correcto lo antes posible y retiraremos el incorrecto. Para cualquier otra consulta o reclamaci\u00f3n, ll\u00e1manos o env\u00eda un email a <a href=\"mailto:Info@comemois.com\">Info@comemois.com<\/a>.<\/p>\n\n\n\n<p><strong>Medidas de Seguridad e Higiene:<\/strong> Tomamos en serio la seguridad alimentaria y la higiene. Nuestro personal sigue estrictas normas de seguridad e higiene en la preparaci\u00f3n y entrega de alimentos, asegurando que tu comida llegue de manera segura.<\/p>\n\n\n\n<p><strong>Contacto:<\/strong> Para cualquier pregunta o problema con tu pedido, por favor, contacta con nosotros en el 600 38 01 56 o en <a href=\"mailto:Info@comemois.com\">Info@comemois.com<\/a>. Estamos aqu\u00ed para ayudarte.<\/p>\n","protected":false},"excerpt":{"rendered":"<p>Le invitamos a revisar las condiciones generales de compra que regulan la oferta y la compra de productos de Come Mois SL a trav\u00e9s de la tienda online incluida en este sitio web. Al usar este sitio web usted queda vinculado a estas condiciones por lo que le recomendamos que las lea detenidamente. Si usted [&hellip;]<\/p>\n","protected":false},"author":1,"featured_media":0,"parent":0,"menu_order":0,"comment_status":"closed","ping_status":"closed","template":"","meta":{"_monsterinsights_skip_tracking":false,"_monsterinsights_sitenote_active":false,"_monsterinsights_sitenote_note":"","_monsterinsights_sitenote_category":0,"footnotes":""},"_links":{"self":[{"href":"https:\/\/mois.atudomicilio.es\/index.php\/wp-json\/wp\/v2\/pages\/3164"}],"collection":[{"href":"https:\/\/mois.atudomicilio.es\/index.php\/wp-json\/wp\/v2\/pages"}],"about":[{"href":"https:\/\/mois.atudomicilio.es\/index.php\/wp-json\/wp\/v2\/types\/page"}],"author":[{"embeddable":true,"href":"https:\/\/mois.atudomicilio.es\/index.php\/wp-json\/wp\/v2\/users\/1"}],"replies":[{"embeddable":true,"href":"https:\/\/mois.atudomicilio.es\/index.php\/wp-json\/wp\/v2\/comments?post=3164"}],"version-history":[{"count":5,"href":"https:\/\/mois.atudomicilio.es\/index.php\/wp-json\/wp\/v2\/pages\/3164\/revisions"}],"predecessor-version":[{"id":4426,"href":"https:\/\/mois.atudomicilio.es\/index.php\/wp-json\/wp\/v2\/pages\/3164\/revisions\/4426"}],"wp:attachment":[{"href":"https:\/\/mois.atudomicilio.es\/index.php\/wp-json\/wp\/v2\/media?parent=3164"}],"curies":[{"name":"wp","href":"https:\/\/api.w.org\/{rel}","templated":true}]}}